{"id":21,"date":"2023-07-26T23:30:55","date_gmt":"2023-07-26T14:30:55","guid":{"rendered":"http:\/\/ichirokojima.com\/?page_id=21"},"modified":"2023-08-10T22:52:16","modified_gmt":"2023-08-10T13:52:16","slug":"biography","status":"publish","type":"page","link":"https:\/\/ichirokojima.com\/de\/biography\/","title":{"rendered":"Biographie"},"content":{"rendered":"<div class=\"mab60\">\nIchiro Kojima <\/p>\n<p>Dezember 1965 Geboren in Toshima, Tokyo<br \/>\nM\u00e4rz 1990 Abschluss in Japanischer Literatur an der Philosophischen Fakult\u00e4t der Hosei Universit\u00e4t<br \/>\nSeit 2011 Studium der Fotografie an der Nakamura Photographic Academy unter Makoto Nakamura<br \/>\nSeit 2012 Fotografien von Menschen aus Problemvierteln in Tokyo, Yokohama, Osaka und anderen Gro\u00dfst\u00e4dten; Roma in Albanien; Fischern am Mekong in Laos. In den letzten Jahren Arbeit an einer Serie \u00fcber Jugendliche in Japan<\/p>\n<p>Ausstellungen<br \/>\nM\u00e4rz 2018 \u201eDie Quadratische Heimat\u201c, Nikon Salon Ginza, Nikon Salon Osaka<br \/>\nSeptember 2022 \u201eROMA\u201c, OM System Gallery Tokyo<br \/>\nJuli 2023 \u201eDie Quadratische Heimat\u201c \u00dcblacker-H\u00e4us in M\u00fcnchen<\/p>\n<p>Auszeichnung<br \/>\n2022 1. Platz im Fotowettbewerb von Photo Project Pro APS in Mailand Italien.<\/p>\n<p>Bildb\u00e4nde<br \/>\n\u201eDie Quadratische Heimat\u201c \uff082022\uff09\n<\/p><\/div>\n","protected":false},"excerpt":{"rendered":"<p>Ichiro Kojima Dezember 1965 Geboren in Toshima, Tokyo M\u00e4rz 1990 Abschluss in Japanischer Literatur an der Phil&hellip; <a class=\"more-link\" href=\"https:\/\/ichirokojima.com\/de\/biography\/\"><span class=\"screen-reader-text\">Biographie<\/span> weiterlesen<\/a><\/p>\n","protected":false},"author":2,"featured_media":0,"parent":0,"menu_order":0,"comment_status":"closed","ping_status":"closed","template":"","meta":{"_locale":"de_DE","_original_post":"http:\/\/ichirokojima.com\/maintenance-page\/","footnotes":""},"class_list":["post-21","page","type-page","status-publish","hentry","de-DE","entry"],"aioseo_notices":[],"_links":{"self":[{"href":"https:\/\/ichirokojima.com\/wp-json\/wp\/v2\/pages\/21","targetHints":{"allow":["GET"]}}],"collection":[{"href":"https:\/\/ichirokojima.com\/wp-json\/wp\/v2\/pages"}],"about":[{"href":"https:\/\/ichirokojima.com\/wp-json\/wp\/v2\/types\/page"}],"author":[{"embeddable":true,"href":"https:\/\/ichirokojima.com\/wp-json\/wp\/v2\/users\/2"}],"replies":[{"embeddable":true,"href":"https:\/\/ichirokojima.com\/wp-json\/wp\/v2\/comments?post=21"}],"version-history":[{"count":3,"href":"https:\/\/ichirokojima.com\/wp-json\/wp\/v2\/pages\/21\/revisions"}],"predecessor-version":[{"id":441,"href":"https:\/\/ichirokojima.com\/wp-json\/wp\/v2\/pages\/21\/revisions\/441"}],"wp:attachment":[{"href":"https:\/\/ichirokojima.com\/wp-json\/wp\/v2\/media?parent=21"}],"curies":[{"name":"wp","href":"https:\/\/api.w.org\/{rel}","templated":true}]}}