{"id":664,"date":"2025-06-02T14:09:16","date_gmt":"2025-06-02T05:09:16","guid":{"rendered":"https:\/\/ichirokojima.com\/?page_id=664"},"modified":"2025-06-02T14:09:16","modified_gmt":"2025-06-02T05:09:16","slug":"amami","status":"publish","type":"page","link":"https:\/\/ichirokojima.com\/de\/amami\/","title":{"rendered":"Amami Oshima."},"content":{"rendered":"<div class=\"mab60\">\n<p class=\"mab20\">Hier gibt es wilde Meere und W\u00e4lder, die f\u00fcr den Menschen be\u00e4ngstigend und unwirtlich erscheinen.<\/p>\n<p class=\"mab20\">Wenn Sie nach Einbruch der Dunkelheit auf der Insel gefangenen Fisch essen und auf der Insel hergestellte Spirituosen trinken, wird die Natur der Insel, die Sie tags\u00fcber erlebt haben, unbewusst in Ihren K\u00f6rper eindringen.<br \/>\nDie Kl\u00e4nge von Gesang und Shamisen-Spiel in der kleinen Bar versinken in der Inselnacht.<\/p>\n<p class=\"mab20\">W\u00e4hrend ich zum Rhythmus tanze, der wie Wellen wogt, reinigt mich der Rausch allm\u00e4hlich und ich f\u00fchle mich, als k\u00f6nnte ich wiedergeboren werden.<\/p>\n<\/div>\n<style type=\"text\/css\">\r\n\t#foogallery-gallery-621 .fg-image {\r\n        width: 300px;\r\n    }\r\n<\/style>\r\n\t\t\t\t<div class=\"foogallery foogallery-container foogallery-default foogallery-lightbox-foobox fg-gutter-0 fg-left fg-default fg-light fg-border-thin fg-shadow-outline fg-loading-default fg-loaded-fade-in fg-caption-hover fg-hover-fade fg-hover-zoom fg-ready\" id=\"foogallery-gallery-621\" data-foogallery=\"{&quot;item&quot;:{&quot;showCaptionTitle&quot;:true,&quot;showCaptionDescription&quot;:true},&quot;lazy&quot;:false,&quot;src&quot;:&quot;src&quot;,&quot;srcset&quot;:&quot;srcset&quot;}\" >\r\n\t<div class=\"fg-item fg-type-image fg-loaded\"><figure class=\"fg-item-inner\"><a href=\"https:\/\/ichirokojima.com\/wp-content\/uploads\/2025\/06\/amami-1.jpg\" data-attachment-id=\"622\" data-type=\"image\" class=\"fg-thumb\"><span class=\"fg-image-wrap\"><img fetchpriority=\"high\" decoding=\"async\" src=\"https:\/\/ichirokojima.com\/wp-content\/uploads\/cache\/2025\/06\/amami-1\/4213855829.jpg\" width=\"300\" height=\"300\" class=\"skip-lazy fg-image\" loading=\"eager\"><\/span><span class=\"fg-image-overlay\"><\/span><\/a><figcaption class=\"fg-caption\"><div class=\"fg-caption-inner\"><\/div><\/figcaption><\/figure><div class=\"fg-loader\"><\/div><\/div><div class=\"fg-item fg-type-image fg-loaded\"><figure class=\"fg-item-inner\"><a href=\"https:\/\/ichirokojima.com\/wp-content\/uploads\/2025\/06\/amami-2.jpg\" data-attachment-id=\"623\" data-type=\"image\" class=\"fg-thumb\"><span class=\"fg-image-wrap\"><img decoding=\"async\" src=\"https:\/\/ichirokojima.com\/wp-content\/uploads\/cache\/2025\/06\/amami-2\/1601956653.jpg\" width=\"300\" height=\"300\" class=\"skip-lazy fg-image\" loading=\"eager\"><\/span><span class=\"fg-image-overlay\"><\/span><\/a><figcaption class=\"fg-caption\"><div class=\"fg-caption-inner\"><\/div><\/figcaption><\/figure><div class=\"fg-loader\"><\/div><\/div><div class=\"fg-item fg-type-image fg-loaded\"><figure class=\"fg-item-inner\"><a href=\"https:\/\/ichirokojima.com\/wp-content\/uploads\/2025\/06\/amami-3.jpg\" data-attachment-id=\"624\" data-type=\"image\" class=\"fg-thumb\"><span class=\"fg-image-wrap\"><img decoding=\"async\" src=\"https:\/\/ichirokojima.com\/wp-content\/uploads\/cache\/2025\/06\/amami-3\/1204342386.jpg\" width=\"300\" height=\"300\" class=\"skip-lazy fg-image\" loading=\"eager\"><\/span><span class=\"fg-image-overlay\"><\/span><\/a><figcaption class=\"fg-caption\"><div class=\"fg-caption-inner\"><\/div><\/figcaption><\/figure><div class=\"fg-loader\"><\/div><\/div><div class=\"fg-item fg-type-image fg-loaded\"><figure class=\"fg-item-inner\"><a href=\"https:\/\/ichirokojima.com\/wp-content\/uploads\/2025\/06\/amami-4.jpg\" data-attachment-id=\"625\" data-type=\"image\" class=\"fg-thumb\"><span class=\"fg-image-wrap\"><img decoding=\"async\" src=\"https:\/\/ichirokojima.com\/wp-content\/uploads\/cache\/2025\/06\/amami-4\/1741913584.jpg\" width=\"300\" height=\"300\" class=\"skip-lazy fg-image\" loading=\"eager\"><\/span><span class=\"fg-image-overlay\"><\/span><\/a><figcaption class=\"fg-caption\"><div class=\"fg-caption-inner\"><\/div><\/figcaption><\/figure><div class=\"fg-loader\"><\/div><\/div><div class=\"fg-item fg-type-image fg-loaded\"><figure class=\"fg-item-inner\"><a href=\"https:\/\/ichirokojima.com\/wp-content\/uploads\/2025\/06\/amami-5.jpg\" data-attachment-id=\"626\" data-type=\"image\" class=\"fg-thumb\"><span class=\"fg-image-wrap\"><img decoding=\"async\" src=\"https:\/\/ichirokojima.com\/wp-content\/uploads\/cache\/2025\/06\/amami-5\/3558519491.jpg\" width=\"300\" height=\"300\" class=\"skip-lazy fg-image\" loading=\"eager\"><\/span><span class=\"fg-image-overlay\"><\/span><\/a><figcaption class=\"fg-caption\"><div class=\"fg-caption-inner\"><\/div><\/figcaption><\/figure><div class=\"fg-loader\"><\/div><\/div><div class=\"fg-item fg-type-image fg-loaded\"><figure class=\"fg-item-inner\"><a href=\"https:\/\/ichirokojima.com\/wp-content\/uploads\/2025\/06\/amami-6.jpg\" data-attachment-id=\"627\" data-type=\"image\" class=\"fg-thumb\"><span class=\"fg-image-wrap\"><img decoding=\"async\" src=\"https:\/\/ichirokojima.com\/wp-content\/uploads\/cache\/2025\/06\/amami-6\/1883967419.jpg\" width=\"300\" height=\"300\" class=\"skip-lazy fg-image\" loading=\"eager\"><\/span><span class=\"fg-image-overlay\"><\/span><\/a><figcaption class=\"fg-caption\"><div class=\"fg-caption-inner\"><\/div><\/figcaption><\/figure><div class=\"fg-loader\"><\/div><\/div><div class=\"fg-item fg-type-image fg-loaded\"><figure class=\"fg-item-inner\"><a href=\"https:\/\/ichirokojima.com\/wp-content\/uploads\/2025\/06\/amami-7.jpg\" data-attachment-id=\"628\" data-type=\"image\" class=\"fg-thumb\"><span class=\"fg-image-wrap\"><img decoding=\"async\" src=\"https:\/\/ichirokojima.com\/wp-content\/uploads\/cache\/2025\/06\/amami-7\/3850172541.jpg\" width=\"300\" height=\"300\" class=\"skip-lazy fg-image\" loading=\"eager\"><\/span><span class=\"fg-image-overlay\"><\/span><\/a><figcaption class=\"fg-caption\"><div class=\"fg-caption-inner\"><\/div><\/figcaption><\/figure><div class=\"fg-loader\"><\/div><\/div><div class=\"fg-item fg-type-image fg-loaded\"><figure class=\"fg-item-inner\"><a href=\"https:\/\/ichirokojima.com\/wp-content\/uploads\/2025\/06\/amami-8.jpg\" data-attachment-id=\"629\" data-type=\"image\" class=\"fg-thumb\"><span class=\"fg-image-wrap\"><img decoding=\"async\" src=\"https:\/\/ichirokojima.com\/wp-content\/uploads\/cache\/2025\/06\/amami-8\/377638986.jpg\" width=\"300\" height=\"300\" class=\"skip-lazy fg-image\" loading=\"eager\"><\/span><span class=\"fg-image-overlay\"><\/span><\/a><figcaption class=\"fg-caption\"><div class=\"fg-caption-inner\"><\/div><\/figcaption><\/figure><div class=\"fg-loader\"><\/div><\/div><div class=\"fg-item fg-type-image fg-loaded\"><figure class=\"fg-item-inner\"><a href=\"https:\/\/ichirokojima.com\/wp-content\/uploads\/2025\/06\/amami-9.jpg\" data-attachment-id=\"630\" data-type=\"image\" class=\"fg-thumb\"><span class=\"fg-image-wrap\"><img decoding=\"async\" src=\"https:\/\/ichirokojima.com\/wp-content\/uploads\/cache\/2025\/06\/amami-9\/444968096.jpg\" width=\"300\" height=\"300\" class=\"skip-lazy fg-image\" loading=\"eager\"><\/span><span class=\"fg-image-overlay\"><\/span><\/a><figcaption class=\"fg-caption\"><div class=\"fg-caption-inner\"><\/div><\/figcaption><\/figure><div class=\"fg-loader\"><\/div><\/div><div class=\"fg-item fg-type-image fg-loaded\"><figure class=\"fg-item-inner\"><a href=\"https:\/\/ichirokojima.com\/wp-content\/uploads\/2025\/06\/amami-10.jpg\" data-attachment-id=\"631\" data-type=\"image\" class=\"fg-thumb\"><span class=\"fg-image-wrap\"><img decoding=\"async\" src=\"https:\/\/ichirokojima.com\/wp-content\/uploads\/cache\/2025\/06\/amami-10\/3363324534.jpg\" width=\"300\" height=\"300\" class=\"skip-lazy fg-image\" loading=\"eager\"><\/span><span class=\"fg-image-overlay\"><\/span><\/a><figcaption class=\"fg-caption\"><div class=\"fg-caption-inner\"><\/div><\/figcaption><\/figure><div class=\"fg-loader\"><\/div><\/div><div class=\"fg-item fg-type-image fg-loaded\"><figure class=\"fg-item-inner\"><a href=\"https:\/\/ichirokojima.com\/wp-content\/uploads\/2025\/06\/amami-11.jpg\" data-attachment-id=\"632\" data-type=\"image\" class=\"fg-thumb\"><span class=\"fg-image-wrap\"><img decoding=\"async\" src=\"https:\/\/ichirokojima.com\/wp-content\/uploads\/cache\/2025\/06\/amami-11\/2898984562.jpg\" width=\"300\" height=\"300\" class=\"skip-lazy fg-image\" loading=\"eager\"><\/span><span class=\"fg-image-overlay\"><\/span><\/a><figcaption class=\"fg-caption\"><div class=\"fg-caption-inner\"><\/div><\/figcaption><\/figure><div class=\"fg-loader\"><\/div><\/div><div class=\"fg-item fg-type-image fg-loaded\"><figure class=\"fg-item-inner\"><a href=\"https:\/\/ichirokojima.com\/wp-content\/uploads\/2025\/06\/amami-12.jpg\" data-attachment-id=\"633\" data-type=\"image\" class=\"fg-thumb\"><span class=\"fg-image-wrap\"><img decoding=\"async\" src=\"https:\/\/ichirokojima.com\/wp-content\/uploads\/cache\/2025\/06\/amami-12\/1169321447.jpg\" width=\"300\" height=\"300\" class=\"skip-lazy fg-image\" loading=\"eager\"><\/span><span class=\"fg-image-overlay\"><\/span><\/a><figcaption class=\"fg-caption\"><div class=\"fg-caption-inner\"><\/div><\/figcaption><\/figure><div class=\"fg-loader\"><\/div><\/div><div class=\"fg-item fg-type-image fg-loaded\"><figure class=\"fg-item-inner\"><a href=\"https:\/\/ichirokojima.com\/wp-content\/uploads\/2025\/06\/amami-13.jpg\" data-attachment-id=\"634\" data-type=\"image\" class=\"fg-thumb\"><span class=\"fg-image-wrap\"><img decoding=\"async\" src=\"https:\/\/ichirokojima.com\/wp-content\/uploads\/cache\/2025\/06\/amami-13\/1706002042.jpg\" width=\"300\" height=\"300\" class=\"skip-lazy fg-image\" loading=\"eager\"><\/span><span class=\"fg-image-overlay\"><\/span><\/a><figcaption class=\"fg-caption\"><div class=\"fg-caption-inner\"><\/div><\/figcaption><\/figure><div class=\"fg-loader\"><\/div><\/div><div class=\"fg-item fg-type-image fg-loaded\"><figure class=\"fg-item-inner\"><a href=\"https:\/\/ichirokojima.com\/wp-content\/uploads\/2025\/06\/amami-14_02.jpg\" data-attachment-id=\"669\" data-type=\"image\" class=\"fg-thumb\"><span class=\"fg-image-wrap\"><img decoding=\"async\" src=\"https:\/\/ichirokojima.com\/wp-content\/uploads\/cache\/2025\/06\/amami-14_02\/151677464.jpg\" width=\"300\" height=\"300\" class=\"skip-lazy fg-image\" loading=\"eager\"><\/span><span class=\"fg-image-overlay\"><\/span><\/a><figcaption class=\"fg-caption\"><div class=\"fg-caption-inner\"><\/div><\/figcaption><\/figure><div class=\"fg-loader\"><\/div><\/div><div class=\"fg-item fg-type-image fg-loaded\"><figure class=\"fg-item-inner\"><a href=\"https:\/\/ichirokojima.com\/wp-content\/uploads\/2025\/06\/amami-15.jpg\" data-attachment-id=\"636\" data-type=\"image\" class=\"fg-thumb\"><span class=\"fg-image-wrap\"><img decoding=\"async\" src=\"https:\/\/ichirokojima.com\/wp-content\/uploads\/cache\/2025\/06\/amami-15\/1815062289.jpg\" width=\"300\" height=\"300\" class=\"skip-lazy fg-image\" loading=\"eager\"><\/span><span class=\"fg-image-overlay\"><\/span><\/a><figcaption class=\"fg-caption\"><div class=\"fg-caption-inner\"><\/div><\/figcaption><\/figure><div class=\"fg-loader\"><\/div><\/div><div class=\"fg-item fg-type-image fg-loaded\"><figure class=\"fg-item-inner\"><a href=\"https:\/\/ichirokojima.com\/wp-content\/uploads\/2025\/06\/amami-16.jpg\" data-attachment-id=\"637\" data-type=\"image\" class=\"fg-thumb\"><span class=\"fg-image-wrap\"><img decoding=\"async\" src=\"https:\/\/ichirokojima.com\/wp-content\/uploads\/cache\/2025\/06\/amami-16\/2237084804.jpg\" width=\"300\" height=\"300\" class=\"skip-lazy fg-image\" loading=\"eager\"><\/span><span class=\"fg-image-overlay\"><\/span><\/a><figcaption class=\"fg-caption\"><div class=\"fg-caption-inner\"><\/div><\/figcaption><\/figure><div class=\"fg-loader\"><\/div><\/div><div class=\"fg-item fg-type-image fg-loaded\"><figure class=\"fg-item-inner\"><a href=\"https:\/\/ichirokojima.com\/wp-content\/uploads\/2025\/06\/amami-17.jpg\" data-attachment-id=\"638\" data-type=\"image\" class=\"fg-thumb\"><span class=\"fg-image-wrap\"><img decoding=\"async\" src=\"https:\/\/ichirokojima.com\/wp-content\/uploads\/cache\/2025\/06\/amami-17\/739536939.jpg\" width=\"300\" height=\"300\" class=\"skip-lazy fg-image\" loading=\"eager\"><\/span><span class=\"fg-image-overlay\"><\/span><\/a><figcaption class=\"fg-caption\"><div class=\"fg-caption-inner\"><\/div><\/figcaption><\/figure><div class=\"fg-loader\"><\/div><\/div><div class=\"fg-item fg-type-image fg-loaded\"><figure class=\"fg-item-inner\"><a href=\"https:\/\/ichirokojima.com\/wp-content\/uploads\/2025\/06\/amami-18.jpg\" data-attachment-id=\"639\" data-type=\"image\" class=\"fg-thumb\"><span class=\"fg-image-wrap\"><img decoding=\"async\" src=\"https:\/\/ichirokojima.com\/wp-content\/uploads\/cache\/2025\/06\/amami-18\/2462316273.jpg\" width=\"300\" height=\"300\" class=\"skip-lazy fg-image\" loading=\"eager\"><\/span><span class=\"fg-image-overlay\"><\/span><\/a><figcaption class=\"fg-caption\"><div class=\"fg-caption-inner\"><\/div><\/figcaption><\/figure><div class=\"fg-loader\"><\/div><\/div><div class=\"fg-item fg-type-image fg-loaded\"><figure class=\"fg-item-inner\"><a href=\"https:\/\/ichirokojima.com\/wp-content\/uploads\/2025\/06\/amami-19.jpg\" data-attachment-id=\"640\" data-type=\"image\" class=\"fg-thumb\"><span class=\"fg-image-wrap\"><img decoding=\"async\" src=\"https:\/\/ichirokojima.com\/wp-content\/uploads\/cache\/2025\/06\/amami-19\/690301818.jpg\" width=\"300\" height=\"300\" class=\"skip-lazy fg-image\" loading=\"eager\"><\/span><span class=\"fg-image-overlay\"><\/span><\/a><figcaption class=\"fg-caption\"><div class=\"fg-caption-inner\"><\/div><\/figcaption><\/figure><div class=\"fg-loader\"><\/div><\/div><div class=\"fg-item fg-type-image fg-loaded\"><figure class=\"fg-item-inner\"><a href=\"https:\/\/ichirokojima.com\/wp-content\/uploads\/2025\/06\/amami-20.jpg\" data-attachment-id=\"641\" data-type=\"image\" class=\"fg-thumb\"><span class=\"fg-image-wrap\"><img decoding=\"async\" src=\"https:\/\/ichirokojima.com\/wp-content\/uploads\/cache\/2025\/06\/amami-20\/1745918178.jpg\" width=\"300\" height=\"300\" class=\"skip-lazy fg-image\" loading=\"eager\"><\/span><span class=\"fg-image-overlay\"><\/span><\/a><figcaption class=\"fg-caption\"><div class=\"fg-caption-inner\"><\/div><\/figcaption><\/figure><div class=\"fg-loader\"><\/div><\/div><div class=\"fg-item fg-type-image fg-loaded\"><figure class=\"fg-item-inner\"><a href=\"https:\/\/ichirokojima.com\/wp-content\/uploads\/2025\/06\/amami-21.jpg\" data-attachment-id=\"642\" data-type=\"image\" class=\"fg-thumb\"><span class=\"fg-image-wrap\"><img decoding=\"async\" src=\"https:\/\/ichirokojima.com\/wp-content\/uploads\/cache\/2025\/06\/amami-21\/211952870.jpg\" width=\"300\" height=\"300\" class=\"skip-lazy fg-image\" loading=\"eager\"><\/span><span class=\"fg-image-overlay\"><\/span><\/a><figcaption class=\"fg-caption\"><div class=\"fg-caption-inner\"><\/div><\/figcaption><\/figure><div class=\"fg-loader\"><\/div><\/div><div class=\"fg-item fg-type-image fg-loaded\"><figure class=\"fg-item-inner\"><a href=\"https:\/\/ichirokojima.com\/wp-content\/uploads\/2025\/06\/amami-22.jpg\" data-attachment-id=\"643\" data-type=\"image\" class=\"fg-thumb\"><span class=\"fg-image-wrap\"><img decoding=\"async\" src=\"https:\/\/ichirokojima.com\/wp-content\/uploads\/cache\/2025\/06\/amami-22\/3856316275.jpg\" width=\"300\" height=\"300\" class=\"skip-lazy fg-image\" loading=\"eager\"><\/span><span class=\"fg-image-overlay\"><\/span><\/a><figcaption class=\"fg-caption\"><div class=\"fg-caption-inner\"><\/div><\/figcaption><\/figure><div class=\"fg-loader\"><\/div><\/div><div class=\"fg-item fg-type-image fg-loaded\"><figure class=\"fg-item-inner\"><a href=\"https:\/\/ichirokojima.com\/wp-content\/uploads\/2025\/06\/amami-23.jpg\" data-attachment-id=\"644\" data-type=\"image\" class=\"fg-thumb\"><span class=\"fg-image-wrap\"><img decoding=\"async\" src=\"https:\/\/ichirokojima.com\/wp-content\/uploads\/cache\/2025\/06\/amami-23\/3318177006.jpg\" width=\"300\" height=\"300\" class=\"skip-lazy fg-image\" loading=\"eager\"><\/span><span class=\"fg-image-overlay\"><\/span><\/a><figcaption class=\"fg-caption\"><div class=\"fg-caption-inner\"><\/div><\/figcaption><\/figure><div class=\"fg-loader\"><\/div><\/div><div class=\"fg-item fg-type-image fg-loaded\"><figure class=\"fg-item-inner\"><a href=\"https:\/\/ichirokojima.com\/wp-content\/uploads\/2025\/06\/amami-24.jpg\" data-attachment-id=\"645\" data-type=\"image\" class=\"fg-thumb\"><span class=\"fg-image-wrap\"><img decoding=\"async\" src=\"https:\/\/ichirokojima.com\/wp-content\/uploads\/cache\/2025\/06\/amami-24\/2834678145.jpg\" width=\"300\" height=\"300\" class=\"skip-lazy fg-image\" loading=\"eager\"><\/span><span class=\"fg-image-overlay\"><\/span><\/a><figcaption class=\"fg-caption\"><div class=\"fg-caption-inner\"><\/div><\/figcaption><\/figure><div class=\"fg-loader\"><\/div><\/div><div class=\"fg-item fg-type-image fg-loaded\"><figure class=\"fg-item-inner\"><a href=\"https:\/\/ichirokojima.com\/wp-content\/uploads\/2025\/06\/amami-25.jpg\" data-attachment-id=\"646\" data-type=\"image\" class=\"fg-thumb\"><span class=\"fg-image-wrap\"><img decoding=\"async\" src=\"https:\/\/ichirokojima.com\/wp-content\/uploads\/cache\/2025\/06\/amami-25\/3427237253.jpg\" width=\"300\" height=\"300\" class=\"skip-lazy fg-image\" loading=\"eager\"><\/span><span class=\"fg-image-overlay\"><\/span><\/a><figcaption class=\"fg-caption\"><div class=\"fg-caption-inner\"><\/div><\/figcaption><\/figure><div class=\"fg-loader\"><\/div><\/div><div class=\"fg-item fg-type-image fg-loaded\"><figure class=\"fg-item-inner\"><a href=\"https:\/\/ichirokojima.com\/wp-content\/uploads\/2025\/06\/amami-26.jpg\" data-attachment-id=\"647\" data-type=\"image\" class=\"fg-thumb\"><span class=\"fg-image-wrap\"><img decoding=\"async\" src=\"https:\/\/ichirokojima.com\/wp-content\/uploads\/cache\/2025\/06\/amami-26\/624946704.jpg\" width=\"300\" height=\"300\" class=\"skip-lazy fg-image\" loading=\"eager\"><\/span><span class=\"fg-image-overlay\"><\/span><\/a><figcaption class=\"fg-caption\"><div class=\"fg-caption-inner\"><\/div><\/figcaption><\/figure><div class=\"fg-loader\"><\/div><\/div><div class=\"fg-item fg-type-image fg-loaded\"><figure class=\"fg-item-inner\"><a href=\"https:\/\/ichirokojima.com\/wp-content\/uploads\/2025\/06\/amami-27.jpg\" data-attachment-id=\"648\" data-type=\"image\" class=\"fg-thumb\"><span class=\"fg-image-wrap\"><img decoding=\"async\" src=\"https:\/\/ichirokojima.com\/wp-content\/uploads\/cache\/2025\/06\/amami-27\/2356980415.jpg\" width=\"300\" height=\"300\" class=\"skip-lazy fg-image\" loading=\"eager\"><\/span><span class=\"fg-image-overlay\"><\/span><\/a><figcaption class=\"fg-caption\"><div class=\"fg-caption-inner\"><\/div><\/figcaption><\/figure><div class=\"fg-loader\"><\/div><\/div><div class=\"fg-item fg-type-image fg-loaded\"><figure class=\"fg-item-inner\"><a href=\"https:\/\/ichirokojima.com\/wp-content\/uploads\/2025\/06\/amami-28.jpg\" data-attachment-id=\"649\" data-type=\"image\" class=\"fg-thumb\"><span class=\"fg-image-wrap\"><img decoding=\"async\" src=\"https:\/\/ichirokojima.com\/wp-content\/uploads\/cache\/2025\/06\/amami-28\/850078821.jpg\" width=\"300\" height=\"300\" class=\"skip-lazy fg-image\" loading=\"eager\"><\/span><span class=\"fg-image-overlay\"><\/span><\/a><figcaption class=\"fg-caption\"><div class=\"fg-caption-inner\"><\/div><\/figcaption><\/figure><div class=\"fg-loader\"><\/div><\/div><div class=\"fg-item fg-type-image fg-loaded\"><figure class=\"fg-item-inner\"><a href=\"https:\/\/ichirokojima.com\/wp-content\/uploads\/2025\/06\/amami-1-1.jpg\" data-attachment-id=\"681\" data-type=\"image\" class=\"fg-thumb\"><span class=\"fg-image-wrap\"><img decoding=\"async\" src=\"https:\/\/ichirokojima.com\/wp-content\/uploads\/cache\/2025\/06\/amami-1-1\/2264093055.jpg\" width=\"300\" height=\"300\" class=\"skip-lazy fg-image\" loading=\"eager\"><\/span><span class=\"fg-image-overlay\"><\/span><\/a><figcaption class=\"fg-caption\"><div class=\"fg-caption-inner\"><\/div><\/figcaption><\/figure><div class=\"fg-loader\"><\/div><\/div><div class=\"fg-item fg-type-image fg-loaded\"><figure class=\"fg-item-inner\"><a href=\"https:\/\/ichirokojima.com\/wp-content\/uploads\/2025\/06\/amami-30.jpg\" data-attachment-id=\"651\" data-type=\"image\" class=\"fg-thumb\"><span class=\"fg-image-wrap\"><img decoding=\"async\" src=\"https:\/\/ichirokojima.com\/wp-content\/uploads\/cache\/2025\/06\/amami-30\/3328880444.jpg\" width=\"300\" height=\"300\" class=\"skip-lazy fg-image\" loading=\"eager\"><\/span><span class=\"fg-image-overlay\"><\/span><\/a><figcaption class=\"fg-caption\"><div class=\"fg-caption-inner\"><\/div><\/figcaption><\/figure><div class=\"fg-loader\"><\/div><\/div><div class=\"fg-item fg-type-image fg-loaded\"><figure class=\"fg-item-inner\"><a href=\"https:\/\/ichirokojima.com\/wp-content\/uploads\/2025\/06\/amami-31.jpg\" data-attachment-id=\"652\" data-type=\"image\" class=\"fg-thumb\"><span class=\"fg-image-wrap\"><img decoding=\"async\" src=\"https:\/\/ichirokojima.com\/wp-content\/uploads\/cache\/2025\/06\/amami-31\/2732069688.jpg\" width=\"300\" height=\"300\" class=\"skip-lazy fg-image\" loading=\"eager\"><\/span><span class=\"fg-image-overlay\"><\/span><\/a><figcaption class=\"fg-caption\"><div class=\"fg-caption-inner\"><\/div><\/figcaption><\/figure><div class=\"fg-loader\"><\/div><\/div><div class=\"fg-item fg-type-image fg-loaded\"><figure class=\"fg-item-inner\"><a href=\"https:\/\/ichirokojima.com\/wp-content\/uploads\/2025\/06\/amami-32.jpg\" data-attachment-id=\"653\" data-type=\"image\" class=\"fg-thumb\"><span class=\"fg-image-wrap\"><img decoding=\"async\" src=\"https:\/\/ichirokojima.com\/wp-content\/uploads\/cache\/2025\/06\/amami-32\/1268809901.jpg\" width=\"300\" height=\"300\" class=\"skip-lazy fg-image\" loading=\"eager\"><\/span><span class=\"fg-image-overlay\"><\/span><\/a><figcaption class=\"fg-caption\"><div class=\"fg-caption-inner\"><\/div><\/figcaption><\/figure><div class=\"fg-loader\"><\/div><\/div><div class=\"fg-item fg-type-image fg-loaded\"><figure class=\"fg-item-inner\"><a href=\"https:\/\/ichirokojima.com\/wp-content\/uploads\/2025\/06\/amami-33.jpg\" data-attachment-id=\"654\" data-type=\"image\" class=\"fg-thumb\"><span class=\"fg-image-wrap\"><img decoding=\"async\" src=\"https:\/\/ichirokojima.com\/wp-content\/uploads\/cache\/2025\/06\/amami-33\/1807575856.jpg\" width=\"300\" height=\"300\" class=\"skip-lazy fg-image\" loading=\"eager\"><\/span><span class=\"fg-image-overlay\"><\/span><\/a><figcaption class=\"fg-caption\"><div class=\"fg-caption-inner\"><\/div><\/figcaption><\/figure><div class=\"fg-loader\"><\/div><\/div><div class=\"fg-item fg-type-image fg-loaded\"><figure class=\"fg-item-inner\"><a href=\"https:\/\/ichirokojima.com\/wp-content\/uploads\/2025\/06\/amami-35.jpg\" data-attachment-id=\"656\" data-type=\"image\" class=\"fg-thumb\"><span class=\"fg-image-wrap\"><img decoding=\"async\" src=\"https:\/\/ichirokojima.com\/wp-content\/uploads\/cache\/2025\/06\/amami-35\/1648183899.jpg\" width=\"300\" height=\"300\" class=\"skip-lazy fg-image\" loading=\"eager\"><\/span><span class=\"fg-image-overlay\"><\/span><\/a><figcaption class=\"fg-caption\"><div class=\"fg-caption-inner\"><\/div><\/figcaption><\/figure><div class=\"fg-loader\"><\/div><\/div><div class=\"fg-item fg-type-image fg-loaded\"><figure class=\"fg-item-inner\"><a href=\"https:\/\/ichirokojima.com\/wp-content\/uploads\/2025\/06\/amami-36.jpg\" data-attachment-id=\"657\" data-type=\"image\" class=\"fg-thumb\"><span class=\"fg-image-wrap\"><img decoding=\"async\" src=\"https:\/\/ichirokojima.com\/wp-content\/uploads\/cache\/2025\/06\/amami-36\/2336610766.jpg\" width=\"300\" height=\"300\" class=\"skip-lazy fg-image\" loading=\"eager\"><\/span><span class=\"fg-image-overlay\"><\/span><\/a><figcaption class=\"fg-caption\"><div class=\"fg-caption-inner\"><\/div><\/figcaption><\/figure><div class=\"fg-loader\"><\/div><\/div><div class=\"fg-item fg-type-image fg-loaded\"><figure class=\"fg-item-inner\"><a href=\"https:\/\/ichirokojima.com\/wp-content\/uploads\/2025\/06\/amami-37.jpg\" data-attachment-id=\"658\" data-type=\"image\" class=\"fg-thumb\"><span class=\"fg-image-wrap\"><img decoding=\"async\" src=\"https:\/\/ichirokojima.com\/wp-content\/uploads\/cache\/2025\/06\/amami-37\/570858849.jpg\" width=\"300\" height=\"300\" class=\"skip-lazy fg-image\" loading=\"eager\"><\/span><span class=\"fg-image-overlay\"><\/span><\/a><figcaption class=\"fg-caption\"><div class=\"fg-caption-inner\"><\/div><\/figcaption><\/figure><div class=\"fg-loader\"><\/div><\/div><div class=\"fg-item fg-type-image fg-loaded\"><figure class=\"fg-item-inner\"><a href=\"https:\/\/ichirokojima.com\/wp-content\/uploads\/2025\/06\/amami-34.jpg\" data-attachment-id=\"655\" data-type=\"image\" class=\"fg-thumb\"><span class=\"fg-image-wrap\"><img decoding=\"async\" src=\"https:\/\/ichirokojima.com\/wp-content\/uploads\/cache\/2025\/06\/amami-34\/110098015.jpg\" width=\"300\" height=\"300\" class=\"skip-lazy fg-image\" loading=\"eager\"><\/span><span class=\"fg-image-overlay\"><\/span><\/a><figcaption class=\"fg-caption\"><div class=\"fg-caption-inner\"><\/div><\/figcaption><\/figure><div class=\"fg-loader\"><\/div><\/div><div class=\"fg-item fg-type-image fg-loaded\"><figure class=\"fg-item-inner\"><a href=\"https:\/\/ichirokojima.com\/wp-content\/uploads\/2025\/06\/amami-38.jpg\" data-attachment-id=\"659\" data-type=\"image\" class=\"fg-thumb\"><span class=\"fg-image-wrap\"><img decoding=\"async\" src=\"https:\/\/ichirokojima.com\/wp-content\/uploads\/cache\/2025\/06\/amami-38\/2630949819.jpg\" width=\"300\" height=\"300\" class=\"skip-lazy fg-image\" loading=\"eager\"><\/span><span class=\"fg-image-overlay\"><\/span><\/a><figcaption class=\"fg-caption\"><div class=\"fg-caption-inner\"><\/div><\/figcaption><\/figure><div class=\"fg-loader\"><\/div><\/div><\/div>\r\n\n","protected":false},"excerpt":{"rendered":"<p>Hier gibt es wilde Meere und W\u00e4lder, die f\u00fcr den Menschen be\u00e4ngstigend und unwirtlich erscheinen. Wenn Sie nac&hellip; <a class=\"more-link\" href=\"https:\/\/ichirokojima.com\/de\/amami\/\"><span class=\"screen-reader-text\">Amami Oshima.<\/span> weiterlesen<\/a><\/p>\n","protected":false},"author":1,"featured_media":0,"parent":0,"menu_order":0,"comment_status":"closed","ping_status":"closed","template":"","meta":{"_locale":"de_DE","_original_post":"https:\/\/ichirokojima.com\/?page_id=660","footnotes":""},"class_list":["post-664","page","type-page","status-publish","hentry","de-DE","entry"],"aioseo_notices":[],"_links":{"self":[{"href":"https:\/\/ichirokojima.com\/wp-json\/wp\/v2\/pages\/664","targetHints":{"allow":["GET"]}}],"collection":[{"href":"https:\/\/ichirokojima.com\/wp-json\/wp\/v2\/pages"}],"about":[{"href":"https:\/\/ichirokojima.com\/wp-json\/wp\/v2\/types\/page"}],"author":[{"embeddable":true,"href":"https:\/\/ichirokojima.com\/wp-json\/wp\/v2\/users\/1"}],"replies":[{"embeddable":true,"href":"https:\/\/ichirokojima.com\/wp-json\/wp\/v2\/comments?post=664"}],"version-history":[{"count":1,"href":"https:\/\/ichirokojima.com\/wp-json\/wp\/v2\/pages\/664\/revisions"}],"predecessor-version":[{"id":665,"href":"https:\/\/ichirokojima.com\/wp-json\/wp\/v2\/pages\/664\/revisions\/665"}],"wp:attachment":[{"href":"https:\/\/ichirokojima.com\/wp-json\/wp\/v2\/media?parent=664"}],"curies":[{"name":"wp","href":"https:\/\/api.w.org\/{rel}","templated":true}]}}