{"id":86,"date":"2023-07-27T14:41:40","date_gmt":"2023-07-27T05:41:40","guid":{"rendered":"http:\/\/ichirokojima.com\/?page_id=86"},"modified":"2023-07-27T14:41:40","modified_gmt":"2023-07-27T05:41:40","slug":"square-hometown","status":"publish","type":"page","link":"https:\/\/ichirokojima.com\/de\/square-hometown\/","title":{"rendered":"Die Quadratische Heimat\u3000\uff08Zusammenfassung\uff09"},"content":{"rendered":"<div class=\"mab60\">\n<p class=\"mab20 en\">Eine Seite dieser Stadt misst ungef\u00e4hr 300 Meter.<br \/>\nWenn man sie sich auf Google Maps anschaut kann man gut sehen, dass sie fast quadratisch ist.<br \/>\nObwohl es Leute gibt, die in dieser Stadt sterben, gibt es so gut wie niemanden, der hier geboren wird.\n<\/p>\n<p class=\"mab20 en\">\u201eWillst du nicht eine kaufen? Nur 500 Yen!\u201c, fragt mich Herr Kawakami mit einem Haufen gef\u00e4lschter Markenarmbanduhren in der Tasche.<br \/>\nHerr Suda spart seine Sozialhilfe, um sie in Motorbootrennen zu stecken und tr\u00e4umt davon, irgendwann Million\u00e4r zu werden.<br \/>\nNancy, ohne Zweifel ein Mann, so dachte ich, tauchte eines Tages mit blonden lockigen Haaren und in Netzstr\u00fcmpfen auf.<br \/>\nTsun war vollkommen allein, bis er seinen Vater, der auf den Philippinen lebt, auf Facebook entdeckte. Er kratzte all sein Geld zusammen, um zu ihm zu fahren und ihn zu sehen.<br \/>\nOb der Mann, der auf seinem auf dem Dach ausgebreiteten Futon schl\u00e4ft, heute Nacht den Mond anschaut?<\/p>\n<p class=\"mab20 en\">Ich m\u00f6chte ein paar mehr Fotos machen, aber sie lassen mich zur\u00fcck und verschwinden in ihren kleinen Zimmern, in denen zu leben sie sich gew\u00f6hnt haben.<br \/>\nDieses gerade einmal 300 Meter gro\u00dfe Quadrat ist vielleicht kein Ort, an dem man geboren wird, aber es ist eine Stadt, wo diese Leute sein k\u00f6nnen wer sie sind.\n<\/p>\n<\/div>\n<style type=\"text\/css\">\r\n\t#foogallery-gallery-41 .fg-image {\r\n        width: 300px;\r\n    }\r\n<\/style>\r\n\t\t\t\t<div class=\"foogallery foogallery-container foogallery-default foogallery-lightbox-foobox fg-gutter-0 fg-left fg-default fg-light fg-border-thin fg-shadow-outline fg-loading-default fg-loaded-fade-in fg-ready\" id=\"foogallery-gallery-41\" data-foogallery=\"{&quot;item&quot;:{&quot;showCaptionTitle&quot;:true,&quot;showCaptionDescription&quot;:true},&quot;lazy&quot;:false,&quot;src&quot;:&quot;src&quot;,&quot;srcset&quot;:&quot;srcset&quot;}\" >\r\n\t<div class=\"fg-item fg-type-image fg-loaded\"><figure class=\"fg-item-inner\"><a href=\"https:\/\/ichirokojima.com\/wp-content\/uploads\/2023\/07\/square-hometown-35.jpg\" target=\"_self\" data-attachment-id=\"76\" data-type=\"image\" class=\"fg-thumb\"><span class=\"fg-image-wrap\"><img fetchpriority=\"high\" decoding=\"async\" src=\"https:\/\/ichirokojima.com\/wp-content\/uploads\/cache\/2023\/07\/square-hometown-35\/3984858145.jpg\" width=\"300\" height=\"300\" class=\"skip-lazy fg-image\" loading=\"eager\"><\/span><span class=\"fg-image-overlay\"><\/span><\/a><figcaption class=\"fg-caption\"><div class=\"fg-caption-inner\"><\/div><\/figcaption><\/figure><div class=\"fg-loader\"><\/div><\/div><div class=\"fg-item fg-type-image fg-loaded\"><figure class=\"fg-item-inner\"><a href=\"https:\/\/ichirokojima.com\/wp-content\/uploads\/2023\/07\/square-hometown-01.jpg\" data-attachment-id=\"42\" data-type=\"image\" class=\"fg-thumb\"><span class=\"fg-image-wrap\"><img decoding=\"async\" src=\"https:\/\/ichirokojima.com\/wp-content\/uploads\/cache\/2023\/07\/square-hometown-01\/2032524287.jpg\" width=\"300\" height=\"300\" class=\"skip-lazy fg-image\" loading=\"eager\"><\/span><span class=\"fg-image-overlay\"><\/span><\/a><figcaption class=\"fg-caption\"><div class=\"fg-caption-inner\"><\/div><\/figcaption><\/figure><div class=\"fg-loader\"><\/div><\/div><div class=\"fg-item fg-type-image fg-loaded\"><figure class=\"fg-item-inner\"><a href=\"https:\/\/ichirokojima.com\/wp-content\/uploads\/2023\/07\/square-hometown-02.jpg\" target=\"_self\" data-attachment-id=\"43\" data-type=\"image\" class=\"fg-thumb\"><span class=\"fg-image-wrap\"><img decoding=\"async\" src=\"https:\/\/ichirokojima.com\/wp-content\/uploads\/cache\/2023\/07\/square-hometown-02\/540759497.jpg\" width=\"300\" height=\"300\" class=\"skip-lazy fg-image\" loading=\"eager\"><\/span><span class=\"fg-image-overlay\"><\/span><\/a><figcaption class=\"fg-caption\"><div class=\"fg-caption-inner\"><\/div><\/figcaption><\/figure><div class=\"fg-loader\"><\/div><\/div><div class=\"fg-item fg-type-image fg-loaded\"><figure class=\"fg-item-inner\"><a href=\"https:\/\/ichirokojima.com\/wp-content\/uploads\/2023\/07\/square-hometown-03.jpg\" data-attachment-id=\"45\" data-type=\"image\" class=\"fg-thumb\"><span class=\"fg-image-wrap\"><img decoding=\"async\" src=\"https:\/\/ichirokojima.com\/wp-content\/uploads\/cache\/2023\/07\/square-hometown-03\/1885825898.jpg\" width=\"300\" height=\"300\" class=\"skip-lazy fg-image\" loading=\"eager\"><\/span><span class=\"fg-image-overlay\"><\/span><\/a><figcaption class=\"fg-caption\"><div class=\"fg-caption-inner\"><\/div><\/figcaption><\/figure><div class=\"fg-loader\"><\/div><\/div><div class=\"fg-item fg-type-image fg-loaded\"><figure class=\"fg-item-inner\"><a href=\"https:\/\/ichirokojima.com\/wp-content\/uploads\/2023\/07\/square-hometown-04.jpg\" data-attachment-id=\"44\" data-type=\"image\" class=\"fg-thumb\"><span class=\"fg-image-wrap\"><img decoding=\"async\" src=\"https:\/\/ichirokojima.com\/wp-content\/uploads\/cache\/2023\/07\/square-hometown-04\/2905861030.jpg\" width=\"300\" height=\"300\" class=\"skip-lazy fg-image\" loading=\"eager\"><\/span><span class=\"fg-image-overlay\"><\/span><\/a><figcaption class=\"fg-caption\"><div class=\"fg-caption-inner\"><\/div><\/figcaption><\/figure><div class=\"fg-loader\"><\/div><\/div><div class=\"fg-item fg-type-image fg-loaded\"><figure class=\"fg-item-inner\"><a href=\"https:\/\/ichirokojima.com\/wp-content\/uploads\/2023\/07\/square-hometown-05.jpg\" data-attachment-id=\"46\" data-type=\"image\" class=\"fg-thumb\"><span class=\"fg-image-wrap\"><img decoding=\"async\" src=\"https:\/\/ichirokojima.com\/wp-content\/uploads\/cache\/2023\/07\/square-hometown-05\/365690579.jpg\" width=\"300\" height=\"300\" class=\"skip-lazy fg-image\" loading=\"eager\"><\/span><span class=\"fg-image-overlay\"><\/span><\/a><figcaption class=\"fg-caption\"><div class=\"fg-caption-inner\"><\/div><\/figcaption><\/figure><div class=\"fg-loader\"><\/div><\/div><div class=\"fg-item fg-type-image fg-loaded\"><figure class=\"fg-item-inner\"><a href=\"https:\/\/ichirokojima.com\/wp-content\/uploads\/2023\/07\/square-hometown-06.jpg\" target=\"_self\" data-attachment-id=\"47\" data-type=\"image\" class=\"fg-thumb\"><span class=\"fg-image-wrap\"><img decoding=\"async\" src=\"https:\/\/ichirokojima.com\/wp-content\/uploads\/cache\/2023\/07\/square-hometown-06\/1289056485.jpg\" width=\"300\" height=\"300\" class=\"skip-lazy fg-image\" loading=\"eager\"><\/span><span class=\"fg-image-overlay\"><\/span><\/a><figcaption class=\"fg-caption\"><div class=\"fg-caption-inner\"><\/div><\/figcaption><\/figure><div class=\"fg-loader\"><\/div><\/div><div class=\"fg-item fg-type-image fg-loaded\"><figure class=\"fg-item-inner\"><a href=\"https:\/\/ichirokojima.com\/wp-content\/uploads\/2023\/07\/square-hometown-07.jpg\" data-attachment-id=\"48\" data-type=\"image\" class=\"fg-thumb\"><span class=\"fg-image-wrap\"><img decoding=\"async\" src=\"https:\/\/ichirokojima.com\/wp-content\/uploads\/cache\/2023\/07\/square-hometown-07\/3240203902.jpg\" width=\"300\" height=\"300\" class=\"skip-lazy fg-image\" loading=\"eager\"><\/span><span class=\"fg-image-overlay\"><\/span><\/a><figcaption class=\"fg-caption\"><div class=\"fg-caption-inner\"><\/div><\/figcaption><\/figure><div class=\"fg-loader\"><\/div><\/div><div class=\"fg-item fg-type-image fg-loaded\"><figure class=\"fg-item-inner\"><a href=\"https:\/\/ichirokojima.com\/wp-content\/uploads\/2023\/07\/square-hometown-08.jpg\" data-attachment-id=\"49\" data-type=\"image\" class=\"fg-thumb\"><span class=\"fg-image-wrap\"><img decoding=\"async\" src=\"https:\/\/ichirokojima.com\/wp-content\/uploads\/cache\/2023\/07\/square-hometown-08\/3482324231.jpg\" width=\"300\" height=\"300\" class=\"skip-lazy fg-image\" loading=\"eager\"><\/span><span class=\"fg-image-overlay\"><\/span><\/a><figcaption class=\"fg-caption\"><div class=\"fg-caption-inner\"><\/div><\/figcaption><\/figure><div class=\"fg-loader\"><\/div><\/div><div class=\"fg-item fg-type-image fg-loaded\"><figure class=\"fg-item-inner\"><a href=\"https:\/\/ichirokojima.com\/wp-content\/uploads\/2023\/07\/square-hometown-09.jpg\" data-attachment-id=\"50\" data-type=\"image\" class=\"fg-thumb\"><span class=\"fg-image-wrap\"><img decoding=\"async\" src=\"https:\/\/ichirokojima.com\/wp-content\/uploads\/cache\/2023\/07\/square-hometown-09\/687628915.jpg\" width=\"300\" height=\"300\" class=\"skip-lazy fg-image\" loading=\"eager\"><\/span><span class=\"fg-image-overlay\"><\/span><\/a><figcaption class=\"fg-caption\"><div class=\"fg-caption-inner\"><\/div><\/figcaption><\/figure><div class=\"fg-loader\"><\/div><\/div><div class=\"fg-item fg-type-image fg-loaded\"><figure class=\"fg-item-inner\"><a href=\"https:\/\/ichirokojima.com\/wp-content\/uploads\/2023\/07\/square-hometown-10.jpg\" data-attachment-id=\"51\" data-type=\"image\" class=\"fg-thumb\"><span class=\"fg-image-wrap\"><img decoding=\"async\" src=\"https:\/\/ichirokojima.com\/wp-content\/uploads\/cache\/2023\/07\/square-hometown-10\/4149863630.jpg\" width=\"300\" height=\"300\" class=\"skip-lazy fg-image\" loading=\"eager\"><\/span><span class=\"fg-image-overlay\"><\/span><\/a><figcaption class=\"fg-caption\"><div class=\"fg-caption-inner\"><\/div><\/figcaption><\/figure><div class=\"fg-loader\"><\/div><\/div><div class=\"fg-item fg-type-image fg-loaded\"><figure class=\"fg-item-inner\"><a href=\"https:\/\/ichirokojima.com\/wp-content\/uploads\/2023\/07\/square-hometown-11.jpg\" target=\"_self\" data-attachment-id=\"52\" data-type=\"image\" class=\"fg-thumb\"><span class=\"fg-image-wrap\"><img decoding=\"async\" src=\"https:\/\/ichirokojima.com\/wp-content\/uploads\/cache\/2023\/07\/square-hometown-11\/2553313390.jpg\" width=\"300\" height=\"300\" class=\"skip-lazy fg-image\" loading=\"eager\"><\/span><span class=\"fg-image-overlay\"><\/span><\/a><figcaption class=\"fg-caption\"><div class=\"fg-caption-inner\"><\/div><\/figcaption><\/figure><div class=\"fg-loader\"><\/div><\/div><div class=\"fg-item fg-type-image fg-loaded\"><figure class=\"fg-item-inner\"><a href=\"https:\/\/ichirokojima.com\/wp-content\/uploads\/2023\/07\/square-hometown-12.jpg\" data-attachment-id=\"53\" data-type=\"image\" class=\"fg-thumb\"><span class=\"fg-image-wrap\"><img decoding=\"async\" src=\"https:\/\/ichirokojima.com\/wp-content\/uploads\/cache\/2023\/07\/square-hometown-12\/3241080408.jpg\" width=\"300\" height=\"300\" class=\"skip-lazy fg-image\" loading=\"eager\"><\/span><span class=\"fg-image-overlay\"><\/span><\/a><figcaption class=\"fg-caption\"><div class=\"fg-caption-inner\"><\/div><\/figcaption><\/figure><div class=\"fg-loader\"><\/div><\/div><div class=\"fg-item fg-type-image fg-loaded\"><figure class=\"fg-item-inner\"><a href=\"https:\/\/ichirokojima.com\/wp-content\/uploads\/2023\/07\/square-hometown-13.jpg\" data-attachment-id=\"54\" data-type=\"image\" class=\"fg-thumb\"><span class=\"fg-image-wrap\"><img decoding=\"async\" src=\"https:\/\/ichirokojima.com\/wp-content\/uploads\/cache\/2023\/07\/square-hometown-13\/1189298478.jpg\" width=\"300\" height=\"300\" class=\"skip-lazy fg-image\" loading=\"eager\"><\/span><span class=\"fg-image-overlay\"><\/span><\/a><figcaption class=\"fg-caption\"><div class=\"fg-caption-inner\"><\/div><\/figcaption><\/figure><div class=\"fg-loader\"><\/div><\/div><div class=\"fg-item fg-type-image fg-loaded\"><figure class=\"fg-item-inner\"><a href=\"https:\/\/ichirokojima.com\/wp-content\/uploads\/2023\/07\/square-hometown-14.jpg\" data-attachment-id=\"55\" data-type=\"image\" class=\"fg-thumb\"><span class=\"fg-image-wrap\"><img decoding=\"async\" src=\"https:\/\/ichirokojima.com\/wp-content\/uploads\/cache\/2023\/07\/square-hometown-14\/2612511202.jpg\" width=\"300\" height=\"300\" class=\"skip-lazy fg-image\" loading=\"eager\"><\/span><span class=\"fg-image-overlay\"><\/span><\/a><figcaption class=\"fg-caption\"><div class=\"fg-caption-inner\"><\/div><\/figcaption><\/figure><div class=\"fg-loader\"><\/div><\/div><div class=\"fg-item fg-type-image fg-loaded\"><figure class=\"fg-item-inner\"><a href=\"https:\/\/ichirokojima.com\/wp-content\/uploads\/2023\/07\/square-hometown-15.jpg\" data-attachment-id=\"56\" data-type=\"image\" class=\"fg-thumb\"><span class=\"fg-image-wrap\"><img decoding=\"async\" src=\"https:\/\/ichirokojima.com\/wp-content\/uploads\/cache\/2023\/07\/square-hometown-15\/4108213570.jpg\" width=\"300\" height=\"300\" class=\"skip-lazy fg-image\" loading=\"eager\"><\/span><span class=\"fg-image-overlay\"><\/span><\/a><figcaption class=\"fg-caption\"><div class=\"fg-caption-inner\"><\/div><\/figcaption><\/figure><div class=\"fg-loader\"><\/div><\/div><div class=\"fg-item fg-type-image fg-loaded\"><figure class=\"fg-item-inner\"><a href=\"https:\/\/ichirokojima.com\/wp-content\/uploads\/2023\/07\/square-hometown-16.jpg\" data-attachment-id=\"57\" data-type=\"image\" class=\"fg-thumb\"><span class=\"fg-image-wrap\"><img decoding=\"async\" src=\"https:\/\/ichirokojima.com\/wp-content\/uploads\/cache\/2023\/07\/square-hometown-16\/2915095412.jpg\" width=\"300\" height=\"300\" class=\"skip-lazy fg-image\" loading=\"eager\"><\/span><span class=\"fg-image-overlay\"><\/span><\/a><figcaption class=\"fg-caption\"><div class=\"fg-caption-inner\"><\/div><\/figcaption><\/figure><div class=\"fg-loader\"><\/div><\/div><div class=\"fg-item fg-type-image fg-loaded\"><figure class=\"fg-item-inner\"><a href=\"https:\/\/ichirokojima.com\/wp-content\/uploads\/2023\/07\/square-hometown-17.jpg\" data-attachment-id=\"58\" data-type=\"image\" class=\"fg-thumb\"><span class=\"fg-image-wrap\"><img decoding=\"async\" src=\"https:\/\/ichirokojima.com\/wp-content\/uploads\/cache\/2023\/07\/square-hometown-17\/540292591.jpg\" width=\"300\" height=\"300\" class=\"skip-lazy fg-image\" loading=\"eager\"><\/span><span class=\"fg-image-overlay\"><\/span><\/a><figcaption class=\"fg-caption\"><div class=\"fg-caption-inner\"><\/div><\/figcaption><\/figure><div class=\"fg-loader\"><\/div><\/div><div class=\"fg-item fg-type-image fg-loaded\"><figure class=\"fg-item-inner\"><a href=\"https:\/\/ichirokojima.com\/wp-content\/uploads\/2023\/07\/square-hometown-18.jpg\" data-attachment-id=\"59\" data-type=\"image\" class=\"fg-thumb\"><span class=\"fg-image-wrap\"><img decoding=\"async\" src=\"https:\/\/ichirokojima.com\/wp-content\/uploads\/cache\/2023\/07\/square-hometown-18\/780512918.jpg\" width=\"300\" height=\"300\" class=\"skip-lazy fg-image\" loading=\"eager\"><\/span><span class=\"fg-image-overlay\"><\/span><\/a><figcaption class=\"fg-caption\"><div class=\"fg-caption-inner\"><\/div><\/figcaption><\/figure><div class=\"fg-loader\"><\/div><\/div><div class=\"fg-item fg-type-image fg-loaded\"><figure class=\"fg-item-inner\"><a href=\"https:\/\/ichirokojima.com\/wp-content\/uploads\/2023\/07\/square-hometown-19.jpg\" data-attachment-id=\"60\" data-type=\"image\" class=\"fg-thumb\"><span class=\"fg-image-wrap\"><img decoding=\"async\" src=\"https:\/\/ichirokojima.com\/wp-content\/uploads\/cache\/2023\/07\/square-hometown-19\/4265977863.jpg\" width=\"300\" height=\"300\" class=\"skip-lazy fg-image\" loading=\"eager\"><\/span><span class=\"fg-image-overlay\"><\/span><\/a><figcaption class=\"fg-caption\"><div class=\"fg-caption-inner\"><\/div><\/figcaption><\/figure><div class=\"fg-loader\"><\/div><\/div><div class=\"fg-item fg-type-image fg-loaded\"><figure class=\"fg-item-inner\"><a href=\"https:\/\/ichirokojima.com\/wp-content\/uploads\/2023\/07\/square-hometown-20.jpg\" data-attachment-id=\"61\" data-type=\"image\" class=\"fg-thumb\"><span class=\"fg-image-wrap\"><img decoding=\"async\" src=\"https:\/\/ichirokojima.com\/wp-content\/uploads\/cache\/2023\/07\/square-hometown-20\/253101628.jpg\" width=\"300\" height=\"300\" class=\"skip-lazy fg-image\" loading=\"eager\"><\/span><span class=\"fg-image-overlay\"><\/span><\/a><figcaption class=\"fg-caption\"><div class=\"fg-caption-inner\"><\/div><\/figcaption><\/figure><div class=\"fg-loader\"><\/div><\/div><div class=\"fg-item fg-type-image fg-loaded\"><figure class=\"fg-item-inner\"><a href=\"https:\/\/ichirokojima.com\/wp-content\/uploads\/2023\/07\/square-hometown-21.jpg\" data-attachment-id=\"62\" data-type=\"image\" class=\"fg-thumb\"><span class=\"fg-image-wrap\"><img decoding=\"async\" src=\"https:\/\/ichirokojima.com\/wp-content\/uploads\/cache\/2023\/07\/square-hometown-21\/1618975388.jpg\" width=\"300\" height=\"300\" class=\"skip-lazy fg-image\" loading=\"eager\"><\/span><span class=\"fg-image-overlay\"><\/span><\/a><figcaption class=\"fg-caption\"><div class=\"fg-caption-inner\"><\/div><\/figcaption><\/figure><div class=\"fg-loader\"><\/div><\/div><div class=\"fg-item fg-type-image fg-loaded\"><figure class=\"fg-item-inner\"><a href=\"https:\/\/ichirokojima.com\/wp-content\/uploads\/2023\/07\/square-hometown-22.jpg\" data-attachment-id=\"63\" data-type=\"image\" class=\"fg-thumb\"><span class=\"fg-image-wrap\"><img decoding=\"async\" src=\"https:\/\/ichirokojima.com\/wp-content\/uploads\/cache\/2023\/07\/square-hometown-22\/962663594.jpg\" width=\"300\" height=\"300\" class=\"skip-lazy fg-image\" loading=\"eager\"><\/span><span class=\"fg-image-overlay\"><\/span><\/a><figcaption class=\"fg-caption\"><div class=\"fg-caption-inner\"><\/div><\/figcaption><\/figure><div class=\"fg-loader\"><\/div><\/div><div class=\"fg-item fg-type-image fg-loaded\"><figure class=\"fg-item-inner\"><a href=\"https:\/\/ichirokojima.com\/wp-content\/uploads\/2023\/07\/square-hometown-23.jpg\" data-attachment-id=\"64\" data-type=\"image\" class=\"fg-thumb\"><span class=\"fg-image-wrap\"><img decoding=\"async\" src=\"https:\/\/ichirokojima.com\/wp-content\/uploads\/cache\/2023\/07\/square-hometown-23\/3198985180.jpg\" width=\"300\" height=\"300\" class=\"skip-lazy fg-image\" loading=\"eager\"><\/span><span class=\"fg-image-overlay\"><\/span><\/a><figcaption class=\"fg-caption\"><div class=\"fg-caption-inner\"><\/div><\/figcaption><\/figure><div class=\"fg-loader\"><\/div><\/div><div class=\"fg-item fg-type-image fg-loaded\"><figure class=\"fg-item-inner\"><a href=\"https:\/\/ichirokojima.com\/wp-content\/uploads\/2023\/07\/square-hometown-24.jpg\" data-attachment-id=\"65\" data-type=\"image\" class=\"fg-thumb\"><span class=\"fg-image-wrap\"><img decoding=\"async\" src=\"https:\/\/ichirokojima.com\/wp-content\/uploads\/cache\/2023\/07\/square-hometown-24\/1677206288.jpg\" width=\"300\" height=\"300\" class=\"skip-lazy fg-image\" loading=\"eager\"><\/span><span class=\"fg-image-overlay\"><\/span><\/a><figcaption class=\"fg-caption\"><div class=\"fg-caption-inner\"><\/div><\/figcaption><\/figure><div class=\"fg-loader\"><\/div><\/div><div class=\"fg-item fg-type-image fg-loaded\"><figure class=\"fg-item-inner\"><a href=\"https:\/\/ichirokojima.com\/wp-content\/uploads\/2023\/07\/square-hometown-25.jpg\" data-attachment-id=\"66\" data-type=\"image\" class=\"fg-thumb\"><span class=\"fg-image-wrap\"><img decoding=\"async\" src=\"https:\/\/ichirokojima.com\/wp-content\/uploads\/cache\/2023\/07\/square-hometown-25\/210878384.jpg\" width=\"300\" height=\"300\" class=\"skip-lazy fg-image\" loading=\"eager\"><\/span><span class=\"fg-image-overlay\"><\/span><\/a><figcaption class=\"fg-caption\"><div class=\"fg-caption-inner\"><\/div><\/figcaption><\/figure><div class=\"fg-loader\"><\/div><\/div><div class=\"fg-item fg-type-image fg-loaded\"><figure class=\"fg-item-inner\"><a href=\"https:\/\/ichirokojima.com\/wp-content\/uploads\/2023\/07\/square-hometown-26.jpg\" data-attachment-id=\"67\" data-type=\"image\" class=\"fg-thumb\"><span class=\"fg-image-wrap\"><img decoding=\"async\" src=\"https:\/\/ichirokojima.com\/wp-content\/uploads\/cache\/2023\/07\/square-hometown-26\/1435447686.jpg\" width=\"300\" height=\"300\" class=\"skip-lazy fg-image\" loading=\"eager\"><\/span><span class=\"fg-image-overlay\"><\/span><\/a><figcaption class=\"fg-caption\"><div class=\"fg-caption-inner\"><\/div><\/figcaption><\/figure><div class=\"fg-loader\"><\/div><\/div><div class=\"fg-item fg-type-image fg-loaded\"><figure class=\"fg-item-inner\"><a href=\"https:\/\/ichirokojima.com\/wp-content\/uploads\/2023\/07\/square-hometown-27.jpg\" data-attachment-id=\"68\" data-type=\"image\" class=\"fg-thumb\"><span class=\"fg-image-wrap\"><img decoding=\"async\" src=\"https:\/\/ichirokojima.com\/wp-content\/uploads\/cache\/2023\/07\/square-hometown-27\/3631994653.jpg\" width=\"300\" height=\"300\" class=\"skip-lazy fg-image\" loading=\"eager\"><\/span><span class=\"fg-image-overlay\"><\/span><\/a><figcaption class=\"fg-caption\"><div class=\"fg-caption-inner\"><\/div><\/figcaption><\/figure><div class=\"fg-loader\"><\/div><\/div><div class=\"fg-item fg-type-image fg-loaded\"><figure class=\"fg-item-inner\"><a href=\"https:\/\/ichirokojima.com\/wp-content\/uploads\/2023\/07\/square-hometown-28.jpg\" data-attachment-id=\"69\" data-type=\"image\" class=\"fg-thumb\"><span class=\"fg-image-wrap\"><img decoding=\"async\" src=\"https:\/\/ichirokojima.com\/wp-content\/uploads\/cache\/2023\/07\/square-hometown-28\/3603582052.jpg\" width=\"300\" height=\"300\" class=\"skip-lazy fg-image\" loading=\"eager\"><\/span><span class=\"fg-image-overlay\"><\/span><\/a><figcaption class=\"fg-caption\"><div class=\"fg-caption-inner\"><\/div><\/figcaption><\/figure><div class=\"fg-loader\"><\/div><\/div><div class=\"fg-item fg-type-image fg-loaded\"><figure class=\"fg-item-inner\"><a href=\"https:\/\/ichirokojima.com\/wp-content\/uploads\/2023\/07\/square-hometown-29.jpg\" data-attachment-id=\"70\" data-type=\"image\" class=\"fg-thumb\"><span class=\"fg-image-wrap\"><img decoding=\"async\" src=\"https:\/\/ichirokojima.com\/wp-content\/uploads\/cache\/2023\/07\/square-hometown-29\/832971536.jpg\" width=\"300\" height=\"300\" class=\"skip-lazy fg-image\" loading=\"eager\"><\/span><span class=\"fg-image-overlay\"><\/span><\/a><figcaption class=\"fg-caption\"><div class=\"fg-caption-inner\"><\/div><\/figcaption><\/figure><div class=\"fg-loader\"><\/div><\/div><div class=\"fg-item fg-type-image fg-loaded\"><figure class=\"fg-item-inner\"><a href=\"https:\/\/ichirokojima.com\/wp-content\/uploads\/2023\/07\/square-hometown-30.jpg\" data-attachment-id=\"71\" data-type=\"image\" class=\"fg-thumb\"><span class=\"fg-image-wrap\"><img decoding=\"async\" src=\"https:\/\/ichirokojima.com\/wp-content\/uploads\/cache\/2023\/07\/square-hometown-30\/3993216429.jpg\" width=\"300\" height=\"300\" class=\"skip-lazy fg-image\" loading=\"eager\"><\/span><span class=\"fg-image-overlay\"><\/span><\/a><figcaption class=\"fg-caption\"><div class=\"fg-caption-inner\"><\/div><\/figcaption><\/figure><div class=\"fg-loader\"><\/div><\/div><div class=\"fg-item fg-type-image fg-loaded\"><figure class=\"fg-item-inner\"><a href=\"https:\/\/ichirokojima.com\/wp-content\/uploads\/2023\/07\/square-hometown-31.jpg\" data-attachment-id=\"72\" data-type=\"image\" class=\"fg-thumb\"><span class=\"fg-image-wrap\"><img decoding=\"async\" src=\"https:\/\/ichirokojima.com\/wp-content\/uploads\/cache\/2023\/07\/square-hometown-31\/2171222285.jpg\" width=\"300\" height=\"300\" class=\"skip-lazy fg-image\" loading=\"eager\"><\/span><span class=\"fg-image-overlay\"><\/span><\/a><figcaption class=\"fg-caption\"><div class=\"fg-caption-inner\"><\/div><\/figcaption><\/figure><div class=\"fg-loader\"><\/div><\/div><div class=\"fg-item fg-type-image fg-loaded\"><figure class=\"fg-item-inner\"><a href=\"https:\/\/ichirokojima.com\/wp-content\/uploads\/2023\/07\/square-hometown-32.jpg\" data-attachment-id=\"73\" data-type=\"image\" class=\"fg-thumb\"><span class=\"fg-image-wrap\"><img decoding=\"async\" src=\"https:\/\/ichirokojima.com\/wp-content\/uploads\/cache\/2023\/07\/square-hometown-32\/3631527739.jpg\" width=\"300\" height=\"300\" class=\"skip-lazy fg-image\" loading=\"eager\"><\/span><span class=\"fg-image-overlay\"><\/span><\/a><figcaption class=\"fg-caption\"><div class=\"fg-caption-inner\"><\/div><\/figcaption><\/figure><div class=\"fg-loader\"><\/div><\/div><div class=\"fg-item fg-type-image fg-loaded\"><figure class=\"fg-item-inner\"><a href=\"https:\/\/ichirokojima.com\/wp-content\/uploads\/2023\/07\/square-hometown-33.jpg\" data-attachment-id=\"74\" data-type=\"image\" class=\"fg-thumb\"><span class=\"fg-image-wrap\"><img decoding=\"async\" src=\"https:\/\/ichirokojima.com\/wp-content\/uploads\/cache\/2023\/07\/square-hometown-33\/1605959757.jpg\" width=\"300\" height=\"300\" class=\"skip-lazy fg-image\" loading=\"eager\"><\/span><span class=\"fg-image-overlay\"><\/span><\/a><figcaption class=\"fg-caption\"><div class=\"fg-caption-inner\"><\/div><\/figcaption><\/figure><div class=\"fg-loader\"><\/div><\/div><div class=\"fg-item fg-type-image fg-loaded\"><figure class=\"fg-item-inner\"><a href=\"https:\/\/ichirokojima.com\/wp-content\/uploads\/2023\/07\/square-hometown-34.jpg\" data-attachment-id=\"75\" data-type=\"image\" class=\"fg-thumb\"><span class=\"fg-image-wrap\"><img decoding=\"async\" src=\"https:\/\/ichirokojima.com\/wp-content\/uploads\/cache\/2023\/07\/square-hometown-34\/2196603009.jpg\" width=\"300\" height=\"300\" class=\"skip-lazy fg-image\" loading=\"eager\"><\/span><span class=\"fg-image-overlay\"><\/span><\/a><figcaption class=\"fg-caption\"><div class=\"fg-caption-inner\"><\/div><\/figcaption><\/figure><div class=\"fg-loader\"><\/div><\/div><\/div>\r\n\n","protected":false},"excerpt":{"rendered":"<p>Eine Seite dieser Stadt misst ungef\u00e4hr 300 Meter. Wenn man sie sich auf Google Maps anschaut kann man gut sehe&hellip; <a class=\"more-link\" href=\"https:\/\/ichirokojima.com\/de\/square-hometown\/\"><span class=\"screen-reader-text\">Die Quadratische Heimat\u3000\uff08Zusammenfassung\uff09<\/span> weiterlesen<\/a><\/p>\n","protected":false},"author":2,"featured_media":0,"parent":0,"menu_order":0,"comment_status":"closed","ping_status":"closed","template":"","meta":{"_locale":"de_DE","_original_post":"http:\/\/ichirokojima.com\/?page_id=77","footnotes":""},"class_list":["post-86","page","type-page","status-publish","hentry","de-DE","entry"],"aioseo_notices":[],"_links":{"self":[{"href":"https:\/\/ichirokojima.com\/wp-json\/wp\/v2\/pages\/86","targetHints":{"allow":["GET"]}}],"collection":[{"href":"https:\/\/ichirokojima.com\/wp-json\/wp\/v2\/pages"}],"about":[{"href":"https:\/\/ichirokojima.com\/wp-json\/wp\/v2\/types\/page"}],"author":[{"embeddable":true,"href":"https:\/\/ichirokojima.com\/wp-json\/wp\/v2\/users\/2"}],"replies":[{"embeddable":true,"href":"https:\/\/ichirokojima.com\/wp-json\/wp\/v2\/comments?post=86"}],"version-history":[{"count":1,"href":"https:\/\/ichirokojima.com\/wp-json\/wp\/v2\/pages\/86\/revisions"}],"predecessor-version":[{"id":87,"href":"https:\/\/ichirokojima.com\/wp-json\/wp\/v2\/pages\/86\/revisions\/87"}],"wp:attachment":[{"href":"https:\/\/ichirokojima.com\/wp-json\/wp\/v2\/media?parent=86"}],"curies":[{"name":"wp","href":"https:\/\/api.w.org\/{rel}","templated":true}]}}