{"id":18,"date":"2023-07-26T23:30:31","date_gmt":"2023-07-26T14:30:31","guid":{"rendered":"http:\/\/ichirokojima.com\/?page_id=18"},"modified":"2023-08-10T22:52:03","modified_gmt":"2023-08-10T13:52:03","slug":"biography","status":"publish","type":"page","link":"https:\/\/ichirokojima.com\/en\/biography\/","title":{"rendered":"Biography"},"content":{"rendered":"<div class=\"mab60\">\nIchiro Kojima<\/p>\n<p>December 1965 Born in Toshima, Tokyo.<br \/>\nMarch 1990 Graduated in Japanese literature from the Faculty of Literature of Hosei University<br \/>\nFrom 2011 learned the art of photography at Nakamura Photographic Academy.<br \/>\nSince 2012, interested in and keep taking photos of the people in skid rows of big cities like Tokyo, Yokohama, Osaka, as well as the life of Roma in Albania and fishermen along the Mekong river in Laos. In recent years working on a series about young people in Japan, too.<\/p>\n<p>Exhibition<br \/>\nMarch 2018. \u2018\u2018The Square Hometown\u2018\u2018 at Nikon Salon in Tokyo and Osaka<br \/>\nSeptember 2022. \u2018\u2018ROMA\u2018\u2018 at OM System Gallery Tokyo<br \/>\nJuly 2023. \u2018\u2018The Square Hometown \u2018\u2018 at \u00dcblacker-H\u00e4us in M\u00fcnchen<\/p>\n<p>Award<br \/>\n2022 Gran Prix in Photo Project Pro in Milano Italia.<\/p>\n<p>Book<br \/>\nThe Square Hometown (2022)\n<\/p><\/div>\n","protected":false},"excerpt":{"rendered":"<p>Ichiro Kojima December 1965 Born in Toshima, Tokyo. March 1990 Graduated in Japanese literature from the Facul&hellip; <a class=\"more-link\" href=\"https:\/\/ichirokojima.com\/en\/biography\/\">Continue reading <span class=\"screen-reader-text\">Biography<\/span><\/a><\/p>\n","protected":false},"author":2,"featured_media":0,"parent":0,"menu_order":0,"comment_status":"closed","ping_status":"closed","template":"","meta":{"_locale":"en_US","_original_post":"http:\/\/ichirokojima.com\/maintenance-page\/","footnotes":""},"class_list":["post-18","page","type-page","status-publish","hentry","en-US","entry"],"aioseo_notices":[],"_links":{"self":[{"href":"https:\/\/ichirokojima.com\/wp-json\/wp\/v2\/pages\/18","targetHints":{"allow":["GET"]}}],"collection":[{"href":"https:\/\/ichirokojima.com\/wp-json\/wp\/v2\/pages"}],"about":[{"href":"https:\/\/ichirokojima.com\/wp-json\/wp\/v2\/types\/page"}],"author":[{"embeddable":true,"href":"https:\/\/ichirokojima.com\/wp-json\/wp\/v2\/users\/2"}],"replies":[{"embeddable":true,"href":"https:\/\/ichirokojima.com\/wp-json\/wp\/v2\/comments?post=18"}],"version-history":[{"count":5,"href":"https:\/\/ichirokojima.com\/wp-json\/wp\/v2\/pages\/18\/revisions"}],"predecessor-version":[{"id":440,"href":"https:\/\/ichirokojima.com\/wp-json\/wp\/v2\/pages\/18\/revisions\/440"}],"wp:attachment":[{"href":"https:\/\/ichirokojima.com\/wp-json\/wp\/v2\/media?parent=18"}],"curies":[{"name":"wp","href":"https:\/\/api.w.org\/{rel}","templated":true}]}}